{"id":6921,"date":"2025-11-23T00:05:53","date_gmt":"2025-11-23T00:05:53","guid":{"rendered":"https:\/\/www.tiatrips.com\/?page_id=6921"},"modified":"2025-11-23T00:05:57","modified_gmt":"2025-11-23T00:05:57","slug":"terms-and-conditions","status":"publish","type":"page","link":"https:\/\/www.tiatrips.com\/fr\/terms-and-conditions\/","title":{"rendered":"Terms and Conditions"},"content":{"rendered":"<p><strong>Bienvenue \u00e0 Tia Voyage!<\/strong><br>En utilisant cette application, vous acceptez de respecter les termes et conditions suivants:<\/p>\n\n\n\n<ol class=\"wp-block-list\">\n<li><strong>R\u00e9servation et Paiements<\/strong><\/li>\n<\/ol>\n\n\n\n<ul class=\"wp-block-list\">\n<li>Toutes les r\u00e9servations sont sous r\u00e9serve de disponibilit\u00e9.<\/li>\n\n\n\n<li>Les prix sont par personne et incluent les taxes applicables.<\/li>\n\n\n\n<li>Les paiements sont trait\u00e9s en toute s\u00e9curit\u00e9 par le biais de m\u00e9thodes fournies dans l&#039;application.<\/li>\n<\/ul>\n\n\n\n<ol start=\"2\" class=\"wp-block-list\">\n<li><strong>Les annulations et les Remboursements<\/strong><\/li>\n<\/ol>\n\n\n\n<ul class=\"wp-block-list\">\n<li>Les politiques d&#039;annulation varient par voyage, veuillez v\u00e9rifier les d\u00e9tails de votre voyage.<\/li>\n\n\n\n<li>Les remboursements seront \u00e9mis conform\u00e9ment \u00e0 la politique \u00e9nonc\u00e9e au moment de la r\u00e9servation.<\/li>\n<\/ul>\n\n\n\n<ol start=\"3\" class=\"wp-block-list\">\n<li><strong>Responsabilit\u00e9s De L&#039;Utilisateur<\/strong><\/li>\n<\/ol>\n\n\n\n<ul class=\"wp-block-list\">\n<li>Les utilisateurs doivent fournir des informations personnelles exactes lors de la r\u00e9servation.<\/li>\n\n\n\n<li>Vous \u00eates responsable de tout dommage caus\u00e9 pendant le voyage.<\/li>\n<\/ul>\n\n\n\n<ol start=\"4\" class=\"wp-block-list\">\n<li><strong>Contenu<\/strong><\/li>\n<\/ol>\n\n\n\n<ul class=\"wp-block-list\">\n<li>Toutes les images, les descriptions, et le contenu appartiennent \u00e0 Tia Voyages.<\/li>\n\n\n\n<li>Les utilisateurs ne peuvent pas copier ou redistribuer le contenu sans autorisation.<\/li>\n<\/ul>\n\n\n\n<ol start=\"5\" class=\"wp-block-list\">\n<li><strong>Limitation de Responsabilit\u00e9<\/strong><\/li>\n<\/ol>\n\n\n\n<ul class=\"wp-block-list\">\n<li>Tia Voyages n&#039;est pas responsable des blessures, pertes ou retards caus\u00e9s par des circonstances impr\u00e9vues.<\/li>\n<\/ul>\n\n\n\n<ol start=\"6\" class=\"wp-block-list\">\n<li><strong>Modifications des Conditions<\/strong><\/li>\n<\/ol>\n\n\n\n<ul class=\"wp-block-list\">\n<li>Tia Voyages peut mettre \u00e0 jour \u00e0 tout moment ces conditions. Les utilisateurs seront avis\u00e9s des changements dans l&#039;application.<\/li>\n<\/ul>","protected":false},"excerpt":{"rendered":"<p>Welcome to Tia Trip!By using this application, you agree to comply with the following terms and conditions:<\/p>","protected":false},"author":1,"featured_media":0,"parent":0,"menu_order":0,"comment_status":"closed","ping_status":"closed","template":"","meta":{"_glsr_average":0,"_glsr_ranking":0,"_glsr_reviews":0,"footnotes":""},"class_list":["post-6921","page","type-page","status-publish","hentry"],"jetpack_sharing_enabled":true,"_links":{"self":[{"href":"https:\/\/www.tiatrips.com\/fr\/wp-json\/wp\/v2\/pages\/6921","targetHints":{"allow":["GET"]}}],"collection":[{"href":"https:\/\/www.tiatrips.com\/fr\/wp-json\/wp\/v2\/pages"}],"about":[{"href":"https:\/\/www.tiatrips.com\/fr\/wp-json\/wp\/v2\/types\/page"}],"author":[{"embeddable":true,"href":"https:\/\/www.tiatrips.com\/fr\/wp-json\/wp\/v2\/users\/1"}],"replies":[{"embeddable":true,"href":"https:\/\/www.tiatrips.com\/fr\/wp-json\/wp\/v2\/comments?post=6921"}],"version-history":[{"count":1,"href":"https:\/\/www.tiatrips.com\/fr\/wp-json\/wp\/v2\/pages\/6921\/revisions"}],"predecessor-version":[{"id":6923,"href":"https:\/\/www.tiatrips.com\/fr\/wp-json\/wp\/v2\/pages\/6921\/revisions\/6923"}],"wp:attachment":[{"href":"https:\/\/www.tiatrips.com\/fr\/wp-json\/wp\/v2\/media?parent=6921"}],"curies":[{"name":"wp","href":"https:\/\/api.w.org\/{rel}","templated":true}]}}